{"id":118,"date":"2021-06-21T20:07:57","date_gmt":"2021-06-21T18:07:57","guid":{"rendered":"https:\/\/rumex.mendelu.cz\/profesorbayer\/?page_id=118"},"modified":"2021-06-21T22:27:33","modified_gmt":"2021-06-21T20:27:33","slug":"kontakty","status":"publish","type":"page","link":"https:\/\/profesorbayer.cz\/index.php\/kontakty\/","title":{"rendered":"Kontakty"},"content":{"rendered":"\n<p>Nada\u010dn\u00ed fond prof. Augusta Bayera<\/p>\n\n\n\n<p>Jugosl\u00e1vsk\u00e1 46<\/p>\n\n\n\n<p>613 00 Brno<\/p>\n\n\n\n<p>I\u010c: 62160133<\/p>\n\n\n\n<p><strong>Bankovn\u00ed spojen\u00ed: 102620200 \/ 0300, \u010cSOB a.s. Brno.<\/strong><\/p>\n\n\n\n<p>www. profesorbayer.cz<\/p>\n\n\n\n<h2 class=\"wp-block-heading\">Kontaktujte n\u00e1s<\/h2>\n\n\n<div class=\"everest-forms\"><div class=\"evf-container default\" id=\"evf-125\"><form id=\"evf-form-125\" class=\"everest-form\" data-formid=\"125\" data-ajax_submission=\"0\" data-keyboard_friendly_form=\"0\" data-form_state_type=\"\" method=\"post\" enctype=\"multipart\/form-data\" action=\"\/index.php\/wp-json\/wp\/v2\/pages\/118\"><div class=\"evf-field-container\"><input type=\"hidden\" id=\"_wpnonce125\" name=\"_wpnonce125\" value=\"37130e68d6\" \/><input type=\"hidden\" name=\"_wp_http_referer\" value=\"\/index.php\/wp-json\/wp\/v2\/pages\/118\" \/><div class=\"evf-frontend-row\" data-row=\"row_1\" conditional_rules=\"[]\"><div class=\"evf-frontend-grid evf-grid-1\" data-grid=\"grid_1\"><div id=\"evf-125-field_ys0GeZISRs-1-container\" class=\"evf-field evf-field-first-name form-row validate-required\" data-required-field-message=\"Toto pole je nutn\u00e9 vyplnit\" data-field-id=\"ys0GeZISRs-1\"><label class=\"evf-field-label\" for=\"evf-125-field_ys0GeZISRs-1\"><span class=\"evf-label\">Va\u0161e jm\u00e9no<\/span> <abbr class=\"required\" title=\"Required\">*<\/abbr><\/label><input type=\"text\" id=\"evf-125-field_ys0GeZISRs-1\" class=\"input-text\" name=\"everest_forms[form_fields][ys0GeZISRs-1]\" required><\/div><div id=\"evf-125-field_LbH5NxasXM-2-container\" class=\"evf-field evf-field-email form-row validate-required validate-email\" data-required-field-message=\"Please enter a valid email address.\" data-field-id=\"LbH5NxasXM-2\"><label class=\"evf-field-label\" for=\"evf-125-field_LbH5NxasXM-2\"><span class=\"evf-label\">Va\u0161e e-mailov\u00e1 adresa<\/span> <abbr class=\"required\" title=\"Required\">*<\/abbr><\/label><input type=\"email\" id=\"evf-125-field_LbH5NxasXM-2\" class=\"input-text\" name=\"everest_forms[form_fields][LbH5NxasXM-2]\" required ><\/div><div id=\"evf-125-field_66FR384cge-3-container\" class=\"evf-field evf-field-text form-row\" data-field-id=\"66FR384cge-3\"><label class=\"evf-field-label\" for=\"evf-125-field_66FR384cge-3\"><span class=\"evf-label\">P\u0159edm\u011bt va\u0161\u00ed zpr\u00e1vy<\/span> <\/label><input type=\"text\" id=\"evf-125-field_66FR384cge-3\" class=\"input-text\" name=\"everest_forms[form_fields][66FR384cge-3]\" ><\/div><div id=\"evf-125-field_yhGx3FOwr2-4-container\" class=\"evf-field evf-field-textarea form-row\" data-field-id=\"yhGx3FOwr2-4\"><label class=\"evf-field-label\" for=\"evf-125-field_yhGx3FOwr2-4\"><span class=\"evf-label\">Va\u0161e zpr\u00e1va<\/span> <\/label><textarea id=\"evf-125-field_yhGx3FOwr2-4\" class=\"input-text\" name=\"everest_forms[form_fields][yhGx3FOwr2-4]\"  ><\/textarea><\/div><\/div><\/div><\/div><div class=\"evf-honeypot-container evf-field-hp\"><label for=\"evf-125-field-hp\" class=\"evf-field-label\">Phone<\/label><input type=\"text\" name=\"everest_forms[hp]\" id=\"evf-125-field-hp\" class=\"input-text\"><\/div><div class=\"evf-submit-container \" ><input type=\"hidden\" name=\"everest_forms[id]\" value=\"125\"><input type=\"hidden\" name=\"everest_forms[author]\" value=\"1\"><button type='submit' name='everest_forms[submit]' class='everest-forms-submit-button button evf-submit ' id='evf-submit-125' value='evf-submit' data-process-text=\"Zpracov\u00e1v\u00e1m\u2026\" conditional_rules='&quot;&quot;' conditional_id='evf-submit-125'  id=\"evf-submit-125\" aria-live=\"assertive\">Odeslat<\/button><\/div><\/form><\/div><!-- .evf-container --><\/div>\n\n\n\n<p><\/p>\n\n\n\n<h1 class=\"wp-block-heading\">S\u00eddlo nada\u010dn\u00edho fondu profesora Bayera<\/h1>\n\n\n\n<iframe loading=\"lazy\" style=\"border:none\" src=\"https:\/\/frame.mapy.cz\/s\/medupovepu\" width=\"700\" height=\"466\" frameborder=\"0\"><\/iframe>\n\n\n\n<p><\/p>\n","protected":false},"excerpt":{"rendered":"<p>Nada\u010dn\u00ed fond prof. Augusta Bayera Jugosl\u00e1vsk\u00e1 46 613 00 Brno I\u010c: 62160133 Bankovn\u00ed spojen\u00ed: 102620200 \/ 0300, \u010cSOB a.s. Brno. www. profesorbayer.cz Kontaktujte n\u00e1s S\u00eddlo nada\u010dn\u00edho fondu profesora Bayera<\/p>\n","protected":false},"author":1,"featured_media":0,"parent":0,"menu_order":0,"comment_status":"closed","ping_status":"closed","template":"","meta":{"footnotes":""},"class_list":["post-118","page","type-page","status-publish","hentry"],"yoast_head":"<!-- This site is optimized with the Yoast SEO plugin v27.4 - https:\/\/yoast.com\/product\/yoast-seo-wordpress\/ -->\n<title>Kontakty - Nada\u010dn\u00ed fond prof. Augusta Bayera<\/title>\n<meta name=\"robots\" content=\"index, follow, max-snippet:-1, max-image-preview:large, max-video-preview:-1\" \/>\n<link rel=\"canonical\" href=\"https:\/\/profesorbayer.cz\/index.php\/kontakty\/\" \/>\n<meta property=\"og:locale\" content=\"cs_CZ\" \/>\n<meta property=\"og:type\" content=\"article\" \/>\n<meta property=\"og:title\" content=\"Kontakty - Nada\u010dn\u00ed fond prof. Augusta Bayera\" \/>\n<meta property=\"og:description\" content=\"Nada\u010dn\u00ed fond prof. Augusta Bayera Jugosl\u00e1vsk\u00e1 46 613 00 Brno I\u010c: 62160133 Bankovn\u00ed spojen\u00ed: 102620200 \/ 0300, \u010cSOB a.s. Brno. www. profesorbayer.cz Kontaktujte n\u00e1s S\u00eddlo nada\u010dn\u00edho fondu profesora Bayera\" \/>\n<meta property=\"og:url\" content=\"https:\/\/profesorbayer.cz\/index.php\/kontakty\/\" \/>\n<meta property=\"og:site_name\" content=\"Nada\u010dn\u00ed fond prof. Augusta Bayera\" \/>\n<meta property=\"article:publisher\" content=\"https:\/\/www.facebook.com\/praleskostarika\/?show_switched_toast=0&amp;show_invite_to_follow=0&amp;show_switched_tooltip=0&amp;show_podcast_settings=0&amp;show_community_review_changes=0&amp;show_community_rollback=0&amp;show_follower_visibility_disclosure=0\" \/>\n<meta property=\"article:modified_time\" content=\"2021-06-21T20:27:33+00:00\" \/>\n<meta name=\"twitter:card\" content=\"summary_large_image\" \/>\n<meta name=\"twitter:label1\" content=\"Odhadovan\u00e1 doba \u010dten\u00ed\" \/>\n\t<meta name=\"twitter:data1\" content=\"1 minuta\" \/>\n<script type=\"application\/ld+json\" class=\"yoast-schema-graph\">{\"@context\":\"https:\\\/\\\/schema.org\",\"@graph\":[{\"@type\":\"WebPage\",\"@id\":\"https:\\\/\\\/profesorbayer.cz\\\/index.php\\\/kontakty\\\/\",\"url\":\"https:\\\/\\\/profesorbayer.cz\\\/index.php\\\/kontakty\\\/\",\"name\":\"Kontakty - Nada\u010dn\u00ed fond prof. Augusta Bayera\",\"isPartOf\":{\"@id\":\"https:\\\/\\\/profesorbayer.cz\\\/#website\"},\"datePublished\":\"2021-06-21T18:07:57+00:00\",\"dateModified\":\"2021-06-21T20:27:33+00:00\",\"breadcrumb\":{\"@id\":\"https:\\\/\\\/profesorbayer.cz\\\/index.php\\\/kontakty\\\/#breadcrumb\"},\"inLanguage\":\"cs\",\"potentialAction\":[{\"@type\":\"ReadAction\",\"target\":[\"https:\\\/\\\/profesorbayer.cz\\\/index.php\\\/kontakty\\\/\"]}]},{\"@type\":\"BreadcrumbList\",\"@id\":\"https:\\\/\\\/profesorbayer.cz\\\/index.php\\\/kontakty\\\/#breadcrumb\",\"itemListElement\":[{\"@type\":\"ListItem\",\"position\":1,\"name\":\"Dom\u016f\",\"item\":\"https:\\\/\\\/profesorbayer.cz\\\/\"},{\"@type\":\"ListItem\",\"position\":2,\"name\":\"Kontakty\"}]},{\"@type\":\"WebSite\",\"@id\":\"https:\\\/\\\/profesorbayer.cz\\\/#website\",\"url\":\"https:\\\/\\\/profesorbayer.cz\\\/\",\"name\":\"Nada\u010dn\u00ed fond prof. Augusta Bayera\",\"description\":\"Z\u00e1chrana n\u00ed\u017einn\u00e9ho pralesa v Kostarice\",\"alternateName\":\"Z\u00e1chrana n\u00ed\u017einn\u00e9ho pralesa v Kostarice\",\"potentialAction\":[{\"@type\":\"SearchAction\",\"target\":{\"@type\":\"EntryPoint\",\"urlTemplate\":\"https:\\\/\\\/profesorbayer.cz\\\/?s={search_term_string}\"},\"query-input\":{\"@type\":\"PropertyValueSpecification\",\"valueRequired\":true,\"valueName\":\"search_term_string\"}}],\"inLanguage\":\"cs\"}]}<\/script>\n<!-- \/ Yoast SEO plugin. -->","yoast_head_json":{"title":"Kontakty - Nada\u010dn\u00ed fond prof. Augusta Bayera","robots":{"index":"index","follow":"follow","max-snippet":"max-snippet:-1","max-image-preview":"max-image-preview:large","max-video-preview":"max-video-preview:-1"},"canonical":"https:\/\/profesorbayer.cz\/index.php\/kontakty\/","og_locale":"cs_CZ","og_type":"article","og_title":"Kontakty - Nada\u010dn\u00ed fond prof. Augusta Bayera","og_description":"Nada\u010dn\u00ed fond prof. Augusta Bayera Jugosl\u00e1vsk\u00e1 46 613 00 Brno I\u010c: 62160133 Bankovn\u00ed spojen\u00ed: 102620200 \/ 0300, \u010cSOB a.s. Brno. www. profesorbayer.cz Kontaktujte n\u00e1s S\u00eddlo nada\u010dn\u00edho fondu profesora Bayera","og_url":"https:\/\/profesorbayer.cz\/index.php\/kontakty\/","og_site_name":"Nada\u010dn\u00ed fond prof. Augusta Bayera","article_publisher":"https:\/\/www.facebook.com\/praleskostarika\/?show_switched_toast=0&show_invite_to_follow=0&show_switched_tooltip=0&show_podcast_settings=0&show_community_review_changes=0&show_community_rollback=0&show_follower_visibility_disclosure=0","article_modified_time":"2021-06-21T20:27:33+00:00","twitter_card":"summary_large_image","twitter_misc":{"Odhadovan\u00e1 doba \u010dten\u00ed":"1 minuta"},"schema":{"@context":"https:\/\/schema.org","@graph":[{"@type":"WebPage","@id":"https:\/\/profesorbayer.cz\/index.php\/kontakty\/","url":"https:\/\/profesorbayer.cz\/index.php\/kontakty\/","name":"Kontakty - Nada\u010dn\u00ed fond prof. Augusta Bayera","isPartOf":{"@id":"https:\/\/profesorbayer.cz\/#website"},"datePublished":"2021-06-21T18:07:57+00:00","dateModified":"2021-06-21T20:27:33+00:00","breadcrumb":{"@id":"https:\/\/profesorbayer.cz\/index.php\/kontakty\/#breadcrumb"},"inLanguage":"cs","potentialAction":[{"@type":"ReadAction","target":["https:\/\/profesorbayer.cz\/index.php\/kontakty\/"]}]},{"@type":"BreadcrumbList","@id":"https:\/\/profesorbayer.cz\/index.php\/kontakty\/#breadcrumb","itemListElement":[{"@type":"ListItem","position":1,"name":"Dom\u016f","item":"https:\/\/profesorbayer.cz\/"},{"@type":"ListItem","position":2,"name":"Kontakty"}]},{"@type":"WebSite","@id":"https:\/\/profesorbayer.cz\/#website","url":"https:\/\/profesorbayer.cz\/","name":"Nada\u010dn\u00ed fond prof. Augusta Bayera","description":"Z\u00e1chrana n\u00ed\u017einn\u00e9ho pralesa v Kostarice","alternateName":"Z\u00e1chrana n\u00ed\u017einn\u00e9ho pralesa v Kostarice","potentialAction":[{"@type":"SearchAction","target":{"@type":"EntryPoint","urlTemplate":"https:\/\/profesorbayer.cz\/?s={search_term_string}"},"query-input":{"@type":"PropertyValueSpecification","valueRequired":true,"valueName":"search_term_string"}}],"inLanguage":"cs"}]}},"_links":{"self":[{"href":"https:\/\/profesorbayer.cz\/index.php\/wp-json\/wp\/v2\/pages\/118","targetHints":{"allow":["GET"]}}],"collection":[{"href":"https:\/\/profesorbayer.cz\/index.php\/wp-json\/wp\/v2\/pages"}],"about":[{"href":"https:\/\/profesorbayer.cz\/index.php\/wp-json\/wp\/v2\/types\/page"}],"author":[{"embeddable":true,"href":"https:\/\/profesorbayer.cz\/index.php\/wp-json\/wp\/v2\/users\/1"}],"replies":[{"embeddable":true,"href":"https:\/\/profesorbayer.cz\/index.php\/wp-json\/wp\/v2\/comments?post=118"}],"version-history":[{"count":9,"href":"https:\/\/profesorbayer.cz\/index.php\/wp-json\/wp\/v2\/pages\/118\/revisions"}],"predecessor-version":[{"id":152,"href":"https:\/\/profesorbayer.cz\/index.php\/wp-json\/wp\/v2\/pages\/118\/revisions\/152"}],"wp:attachment":[{"href":"https:\/\/profesorbayer.cz\/index.php\/wp-json\/wp\/v2\/media?parent=118"}],"curies":[{"name":"wp","href":"https:\/\/api.w.org\/{rel}","templated":true}]}}