{"id":210,"date":"2023-10-27T00:02:16","date_gmt":"2023-10-26T22:02:16","guid":{"rendered":"https:\/\/rumex.mendelu.cz\/profesorbayer\/?page_id=210"},"modified":"2023-10-27T00:02:16","modified_gmt":"2023-10-26T22:02:16","slug":"vyrocni-zpravy-a-ostatni","status":"publish","type":"page","link":"https:\/\/profesorbayer.cz\/index.php\/vyrocni-zpravy-a-ostatni\/","title":{"rendered":"V\u00fdro\u010dn\u00ed zpr\u00e1vy a ostatn\u00ed"},"content":{"rendered":"\n<div class=\"wp-block-file\"><a id=\"wp-block-file--media-ef093593-b647-4193-b6b2-012b69c30982\" href=\"https:\/\/rumex.mendelu.cz\/profesorbayer\/wp-content\/uploads\/2023\/10\/Rozvaha_ve_zkracenem_rozsahu-2022.pdf\">Rozvaha ve zkr\u00e1cen\u00e9m rozsahu 2022<\/a><a href=\"https:\/\/rumex.mendelu.cz\/profesorbayer\/wp-content\/uploads\/2023\/10\/Rozvaha_ve_zkracenem_rozsahu-2022.pdf\" class=\"wp-block-file__button wp-element-button\" download aria-describedby=\"wp-block-file--media-ef093593-b647-4193-b6b2-012b69c30982\">St\u00e1hnout<\/a><\/div>\n\n\n\n<div class=\"wp-block-file\"><a id=\"wp-block-file--media-92917160-f476-420d-a347-285ce0d17016\" href=\"https:\/\/rumex.mendelu.cz\/profesorbayer\/wp-content\/uploads\/2023\/10\/Vykaz_zisku_a_ztraty_v_plnem_rozsahu-2022.pdf\">V\u00fdkaz zisku_a_ztr\u00e1ty_v_pln\u00e9m rozsahu 2022<\/a><a href=\"https:\/\/rumex.mendelu.cz\/profesorbayer\/wp-content\/uploads\/2023\/10\/Vykaz_zisku_a_ztraty_v_plnem_rozsahu-2022.pdf\" class=\"wp-block-file__button wp-element-button\" download aria-describedby=\"wp-block-file--media-92917160-f476-420d-a347-285ce0d17016\">St\u00e1hnout<\/a><\/div>\n\n\n\n<div class=\"wp-block-file\"><a id=\"wp-block-file--media-22c9bcda-3dc9-4237-9dc1-f76cd4995610\" href=\"https:\/\/rumex.mendelu.cz\/profesorbayer\/wp-content\/uploads\/2023\/10\/NF-PAB-_vyrocni-zprava-2022-KV.pdf\">NF-PAB-_V\u00fd\u010dorn\u00ed zpr\u00e1va  2022 KV<\/a><a href=\"https:\/\/rumex.mendelu.cz\/profesorbayer\/wp-content\/uploads\/2023\/10\/NF-PAB-_vyrocni-zprava-2022-KV.pdf\" class=\"wp-block-file__button wp-element-button\" download aria-describedby=\"wp-block-file--media-22c9bcda-3dc9-4237-9dc1-f76cd4995610\">St\u00e1hnout<\/a><\/div>\n","protected":false},"excerpt":{"rendered":"","protected":false},"author":1,"featured_media":0,"parent":0,"menu_order":0,"comment_status":"closed","ping_status":"closed","template":"","meta":{"footnotes":""},"class_list":["post-210","page","type-page","status-publish","hentry"],"yoast_head":"<!-- This site is optimized with the Yoast SEO plugin v27.4 - https:\/\/yoast.com\/product\/yoast-seo-wordpress\/ -->\n<title>V\u00fdro\u010dn\u00ed zpr\u00e1vy a ostatn\u00ed - Nada\u010dn\u00ed fond prof. Augusta Bayera<\/title>\n<meta name=\"robots\" content=\"index, follow, max-snippet:-1, max-image-preview:large, max-video-preview:-1\" \/>\n<link rel=\"canonical\" href=\"https:\/\/profesorbayer.cz\/index.php\/vyrocni-zpravy-a-ostatni\/\" \/>\n<meta property=\"og:locale\" content=\"cs_CZ\" \/>\n<meta property=\"og:type\" content=\"article\" \/>\n<meta property=\"og:title\" content=\"V\u00fdro\u010dn\u00ed zpr\u00e1vy a ostatn\u00ed - Nada\u010dn\u00ed fond prof. Augusta Bayera\" \/>\n<meta property=\"og:url\" content=\"https:\/\/profesorbayer.cz\/index.php\/vyrocni-zpravy-a-ostatni\/\" \/>\n<meta property=\"og:site_name\" content=\"Nada\u010dn\u00ed fond prof. Augusta Bayera\" \/>\n<meta property=\"article:publisher\" content=\"https:\/\/www.facebook.com\/praleskostarika\/?show_switched_toast=0&amp;show_invite_to_follow=0&amp;show_switched_tooltip=0&amp;show_podcast_settings=0&amp;show_community_review_changes=0&amp;show_community_rollback=0&amp;show_follower_visibility_disclosure=0\" \/>\n<meta name=\"twitter:card\" content=\"summary_large_image\" \/>\n<script type=\"application\/ld+json\" class=\"yoast-schema-graph\">{\"@context\":\"https:\\\/\\\/schema.org\",\"@graph\":[{\"@type\":\"WebPage\",\"@id\":\"https:\\\/\\\/profesorbayer.cz\\\/index.php\\\/vyrocni-zpravy-a-ostatni\\\/\",\"url\":\"https:\\\/\\\/profesorbayer.cz\\\/index.php\\\/vyrocni-zpravy-a-ostatni\\\/\",\"name\":\"V\u00fdro\u010dn\u00ed zpr\u00e1vy a ostatn\u00ed - Nada\u010dn\u00ed fond prof. Augusta Bayera\",\"isPartOf\":{\"@id\":\"https:\\\/\\\/profesorbayer.cz\\\/#website\"},\"datePublished\":\"2023-10-26T22:02:16+00:00\",\"breadcrumb\":{\"@id\":\"https:\\\/\\\/profesorbayer.cz\\\/index.php\\\/vyrocni-zpravy-a-ostatni\\\/#breadcrumb\"},\"inLanguage\":\"cs\",\"potentialAction\":[{\"@type\":\"ReadAction\",\"target\":[\"https:\\\/\\\/profesorbayer.cz\\\/index.php\\\/vyrocni-zpravy-a-ostatni\\\/\"]}]},{\"@type\":\"BreadcrumbList\",\"@id\":\"https:\\\/\\\/profesorbayer.cz\\\/index.php\\\/vyrocni-zpravy-a-ostatni\\\/#breadcrumb\",\"itemListElement\":[{\"@type\":\"ListItem\",\"position\":1,\"name\":\"Dom\u016f\",\"item\":\"https:\\\/\\\/profesorbayer.cz\\\/\"},{\"@type\":\"ListItem\",\"position\":2,\"name\":\"V\u00fdro\u010dn\u00ed zpr\u00e1vy a ostatn\u00ed\"}]},{\"@type\":\"WebSite\",\"@id\":\"https:\\\/\\\/profesorbayer.cz\\\/#website\",\"url\":\"https:\\\/\\\/profesorbayer.cz\\\/\",\"name\":\"Nada\u010dn\u00ed fond prof. Augusta Bayera\",\"description\":\"Z\u00e1chrana n\u00ed\u017einn\u00e9ho pralesa v Kostarice\",\"alternateName\":\"Z\u00e1chrana n\u00ed\u017einn\u00e9ho pralesa v Kostarice\",\"potentialAction\":[{\"@type\":\"SearchAction\",\"target\":{\"@type\":\"EntryPoint\",\"urlTemplate\":\"https:\\\/\\\/profesorbayer.cz\\\/?s={search_term_string}\"},\"query-input\":{\"@type\":\"PropertyValueSpecification\",\"valueRequired\":true,\"valueName\":\"search_term_string\"}}],\"inLanguage\":\"cs\"}]}<\/script>\n<!-- \/ Yoast SEO plugin. -->","yoast_head_json":{"title":"V\u00fdro\u010dn\u00ed zpr\u00e1vy a ostatn\u00ed - Nada\u010dn\u00ed fond prof. Augusta Bayera","robots":{"index":"index","follow":"follow","max-snippet":"max-snippet:-1","max-image-preview":"max-image-preview:large","max-video-preview":"max-video-preview:-1"},"canonical":"https:\/\/profesorbayer.cz\/index.php\/vyrocni-zpravy-a-ostatni\/","og_locale":"cs_CZ","og_type":"article","og_title":"V\u00fdro\u010dn\u00ed zpr\u00e1vy a ostatn\u00ed - Nada\u010dn\u00ed fond prof. Augusta Bayera","og_url":"https:\/\/profesorbayer.cz\/index.php\/vyrocni-zpravy-a-ostatni\/","og_site_name":"Nada\u010dn\u00ed fond prof. Augusta Bayera","article_publisher":"https:\/\/www.facebook.com\/praleskostarika\/?show_switched_toast=0&show_invite_to_follow=0&show_switched_tooltip=0&show_podcast_settings=0&show_community_review_changes=0&show_community_rollback=0&show_follower_visibility_disclosure=0","twitter_card":"summary_large_image","schema":{"@context":"https:\/\/schema.org","@graph":[{"@type":"WebPage","@id":"https:\/\/profesorbayer.cz\/index.php\/vyrocni-zpravy-a-ostatni\/","url":"https:\/\/profesorbayer.cz\/index.php\/vyrocni-zpravy-a-ostatni\/","name":"V\u00fdro\u010dn\u00ed zpr\u00e1vy a ostatn\u00ed - Nada\u010dn\u00ed fond prof. Augusta Bayera","isPartOf":{"@id":"https:\/\/profesorbayer.cz\/#website"},"datePublished":"2023-10-26T22:02:16+00:00","breadcrumb":{"@id":"https:\/\/profesorbayer.cz\/index.php\/vyrocni-zpravy-a-ostatni\/#breadcrumb"},"inLanguage":"cs","potentialAction":[{"@type":"ReadAction","target":["https:\/\/profesorbayer.cz\/index.php\/vyrocni-zpravy-a-ostatni\/"]}]},{"@type":"BreadcrumbList","@id":"https:\/\/profesorbayer.cz\/index.php\/vyrocni-zpravy-a-ostatni\/#breadcrumb","itemListElement":[{"@type":"ListItem","position":1,"name":"Dom\u016f","item":"https:\/\/profesorbayer.cz\/"},{"@type":"ListItem","position":2,"name":"V\u00fdro\u010dn\u00ed zpr\u00e1vy a ostatn\u00ed"}]},{"@type":"WebSite","@id":"https:\/\/profesorbayer.cz\/#website","url":"https:\/\/profesorbayer.cz\/","name":"Nada\u010dn\u00ed fond prof. Augusta Bayera","description":"Z\u00e1chrana n\u00ed\u017einn\u00e9ho pralesa v Kostarice","alternateName":"Z\u00e1chrana n\u00ed\u017einn\u00e9ho pralesa v Kostarice","potentialAction":[{"@type":"SearchAction","target":{"@type":"EntryPoint","urlTemplate":"https:\/\/profesorbayer.cz\/?s={search_term_string}"},"query-input":{"@type":"PropertyValueSpecification","valueRequired":true,"valueName":"search_term_string"}}],"inLanguage":"cs"}]}},"_links":{"self":[{"href":"https:\/\/profesorbayer.cz\/index.php\/wp-json\/wp\/v2\/pages\/210","targetHints":{"allow":["GET"]}}],"collection":[{"href":"https:\/\/profesorbayer.cz\/index.php\/wp-json\/wp\/v2\/pages"}],"about":[{"href":"https:\/\/profesorbayer.cz\/index.php\/wp-json\/wp\/v2\/types\/page"}],"author":[{"embeddable":true,"href":"https:\/\/profesorbayer.cz\/index.php\/wp-json\/wp\/v2\/users\/1"}],"replies":[{"embeddable":true,"href":"https:\/\/profesorbayer.cz\/index.php\/wp-json\/wp\/v2\/comments?post=210"}],"version-history":[{"count":1,"href":"https:\/\/profesorbayer.cz\/index.php\/wp-json\/wp\/v2\/pages\/210\/revisions"}],"predecessor-version":[{"id":212,"href":"https:\/\/profesorbayer.cz\/index.php\/wp-json\/wp\/v2\/pages\/210\/revisions\/212"}],"wp:attachment":[{"href":"https:\/\/profesorbayer.cz\/index.php\/wp-json\/wp\/v2\/media?parent=210"}],"curies":[{"name":"wp","href":"https:\/\/api.w.org\/{rel}","templated":true}]}}