{"id":59,"date":"2021-06-21T18:11:17","date_gmt":"2021-06-21T16:11:17","guid":{"rendered":"https:\/\/rumex.mendelu.cz\/profesorbayer\/?page_id=59"},"modified":"2025-12-13T22:54:49","modified_gmt":"2025-12-13T21:54:49","slug":"nadacni-fond-profesora-bayera","status":"publish","type":"page","link":"https:\/\/profesorbayer.cz\/","title":{"rendered":"O n\u00e1s"},"content":{"rendered":"\n<h1 class=\"wp-block-heading\"><strong>Vize a c\u00edle NF<\/strong><\/h1>\n\n\n\n<h2 class=\"wp-block-heading\"><strong>Nada\u010dn\u00ed fond prof. Augusta Bayera<\/strong><\/h2>\n\n\n\n<figure class=\"wp-block-image aligncenter size-large is-resized\"><img loading=\"lazy\" decoding=\"async\" width=\"768\" height=\"1024\" src=\"https:\/\/rumex.mendelu.cz\/profesorbayer\/wp-content\/uploads\/2021\/06\/Hotpot-4-768x1024.png\" alt=\"\" class=\"wp-image-143\" style=\"width:384px;height:512px\" srcset=\"https:\/\/profesorbayer.cz\/wp-content\/uploads\/2021\/06\/Hotpot-4-768x1024.png 768w, https:\/\/profesorbayer.cz\/wp-content\/uploads\/2021\/06\/Hotpot-4-225x300.png 225w, https:\/\/profesorbayer.cz\/wp-content\/uploads\/2021\/06\/Hotpot-4-1152x1536.png 1152w, https:\/\/profesorbayer.cz\/wp-content\/uploads\/2021\/06\/Hotpot-4-1536x2048.png 1536w\" sizes=\"auto, (max-width: 768px) 100vw, 768px\" \/><figcaption class=\"wp-element-caption\">Fotografie prof. Augusta Bayera <br>(kolorov\u00e1no pomoc\u00ed AI &#8211; strojov\u00e9ho u\u010den\u00ed)<\/figcaption><\/figure>\n\n\n\n<p>Posl\u00e1n\u00edm nada\u010dn\u00edho fondu je podporovat aktivity dendrologick\u00e9ho zam\u011b\u0159en\u00ed, vztahuj\u00edc\u00ed se<\/p>\n\n\n\n<p>k ochran\u011b p\u0159\u00edrody a \u017eivotn\u00edho prost\u0159ed\u00ed, jeho\u017e jsou d\u0159eviny ned\u00edlnou sou\u010d\u00e1st\u00ed.<\/p>\n\n\n\n<p>Nada\u010dn\u00ed fond prof. Augusta Bayera je pokra\u010dovatelem nadace, zalo\u017een\u00e9 v roce 1995, nazv\u00e1n byl<\/p>\n\n\n\n<p>po vynikaj\u00edc\u00edm biologovi, zakladateli Dendrologick\u00e9ho \u00fastavu na lesnick\u00e9 fakult\u011b V\u0160Z v Brn\u011b a arboret v Brn\u011b a K\u0159tin\u00e1ch, prof. PhDr. Augustu Bayerovi, Dr. h. c.<\/p>\n\n\n\n<p>Nada\u010dn\u00ed fond podporuje aktivity dendrologick\u00e9ho zam\u011b\u0159en\u00ed, jako\u017e i aktivity zam\u011b\u0159en\u00e9 na ochranu p\u0159\u00edrody a krajiny:<\/p>\n\n\n\n<ul class=\"wp-block-list\">\n<li>vyd\u00e1v\u00e1n\u00ed odborn\u00fdch publikac\u00ed,<\/li>\n\n\n\n<li>podporuje odbornou \u010dinnost student\u016f a doktorand\u016f,<\/li>\n\n\n\n<li>projekty p\u00e9\u010de o genofond dom\u00e1c\u00edch druh\u016f d\u0159evin, jako\u017e i ostatn\u00ed projekty s dendrologick\u00fdm, botanick\u00fdm respektive geobiocenologick\u00fdm zam\u011b\u0159en\u00edm,<\/li>\n\n\n\n<li>lok\u00e1ln\u00ed a region\u00e1ln\u00ed projekty na zachov\u00e1n\u00ed p\u0159\u00edrodn\u00edch, kulturn\u00edch a estetick\u00fdch hodnot krajiny, zejm\u00e9na na zveleben\u00ed arboret, lesn\u00edch palouk\u016f a p\u0159\u00edrodn\u00edch rezervac\u00ed na \u00fazem\u00ed \u0160LP Masaryk\u016fv Les K\u0159tiny, p\u0159ednostn\u011b na arboretum ve K\u0159tin\u00e1ch, jeho\u017e byl prof. Bayer zakladatelem.<\/li>\n\n\n\n<li>Ochrana rostlinn\u00e9 biodiverzity i mimo \u010cR &#8211; tropick\u00e9 lesy<\/li>\n<\/ul>\n\n\n\n<p>Nada\u010dn\u00ed fond nepodporuje politick\u00e9 strany ani politick\u00e9 organizace.<\/p>\n\n\n\n<h1 class=\"wp-block-heading\"><strong>Lidi (organiza\u010dn\u00ed struktura)<\/strong><\/h1>\n\n\n\n<p><strong>Org\u00e1ny nada\u010dn\u00edho fondu jsou:<\/strong><\/p>\n\n\n\n<p class=\"has-large-font-size\"><strong>Spr\u00e1vn\u00ed rada: <\/strong><em><strong>SR spravuje majetek nada\u010dn\u00edho fondu, \u0159\u00edd\u00ed \u010dinnost a rozhoduje o v\u0161ech z\u00e1le\u017eitostech nada\u010dn\u00edho fondu, je statut\u00e1rn\u00edm org\u00e1nem NF.<\/strong><\/em><\/p>\n\n\n\n<p>P\u0159edseda: Doc. Ing. Lubo\u0161 \u00daradn\u00ed\u010dek, CSc.<\/p>\n\n\n\n<p>M\u00edstop\u0159edseda: Ing. Lenka Ehrenbergerov\u00e1, Ph.D.<\/p>\n\n\n\n<p>Tajemn\u00edk: Prof. Dr. Ing. Petr Mad\u011bra<\/p>\n\n\n\n<p><strong>Revizor:<\/strong> Ing. Josef Cafourek, Ph.D.<\/p>\n\n\n\n<p class=\"has-large-font-size\"><strong>Poradn\u00ed sbor:<\/strong><\/p>\n\n\n\n<p>Ing. So\u0148a Tich\u00e1, Ph.D.<\/p>\n\n\n\n<p>Doc. Dr. Ing. Jind\u0159ich Pavli\u0161<\/p>\n\n\n\n<p>Doc. Dr. Ing. Jan \u0160tykar<\/p>\n\n\n\n<p>Ing. V\u00e1clav Ba\u017eant, Ph.D.<\/p>\n\n\n\n<p>Ing. Josef Cafourek, Ph.D.<\/p>\n\n\n\n<p style=\"font-size:18px\"><strong>Rada projektu Gandoca<\/strong><\/p>\n\n\n\n<ol class=\"wp-block-list\">\n<li>Z\u00e1kladn\u00ed komora RP:  Lubo\u0161 \u00daradn\u00ed\u010dek, Petr Mad\u011bra, Lenka Ehrenbergerov\u00e1, V\u00edt Hrdou\u0161ek, Jan Do\u010dekal<\/li>\n<\/ol>\n\n\n\n<p>    2. Komora p\u0159isp\u011bvatel\u016f: Marek Tykal, Jan Suken\u00edk, Jan Baar, Lubo\u0161 \u00daradn\u00ed\u010dek, Petr Mad\u011bra, V\u00edt Hrdou\u0161ek<\/p>\n\n\n\n<h2 class=\"wp-block-heading\"><strong>Klub p\u0159\u00e1tel nada\u010dn\u00edho fondu<\/strong><\/h2>\n\n\n\n<p><strong>\u010clenem klubu p\u0159\u00e1tel NFPAB se m\u016f\u017ee st\u00e1t ka\u017ed\u00fd zletil\u00fd ob\u010dan, kter\u00fd podporuje pravideln\u011b nada\u010dn\u00ed fond \u010d\u00e1stkou minim\u00e1ln\u011b 500 K\u010d ro\u010dn\u011b<\/strong><\/p>\n\n\n\n<p><\/p>\n\n\n\n<h1 class=\"wp-block-heading\"><strong>Historie<\/strong><\/h1>\n\n\n\n<p>Nada\u010dn\u00ed fond prof. Augusta Bayera byl zaps\u00e1n do nada\u010dn\u00edho rejst\u0159\u00edku, veden\u00e9ho Krajsk\u00fdm obchodn\u00edm soudem v Brn\u011b dne 11. \u00fanora 1999.<\/p>\n\n\n\n<p>Nada\u010dn\u00ed fond je pokra\u010dovatelem Nadace Prof. A. Bayera, kter\u00e1 pracovala ve stejn\u00e9 oblasti \u010dinnosti jako NF od 12. dubna 1995 a byla transformov\u00e1na k&nbsp;11. 2. 1999 na nada\u010dn\u00ed fond.<\/p>\n\n\n\n<h2 class=\"wp-block-heading\"><strong>Zakl\u00e1daj\u00edc\u00ed \u010dlenov\u00e9 nadace<\/strong><\/h2>\n\n\n\n<p>Ing. Anton\u00edn Bu\u010dek, CSc.<\/p>\n\n\n\n<p>RNDr. V\u00e1clav Buri\u00e1nek<\/p>\n\n\n\n<p>Ing. Josef Cafourek<\/p>\n\n\n\n<p>Doc. Ing. Jaroslav Kobl\u00ed\u017eek, CSc.<\/p>\n\n\n\n<p>Ing. So\u0148a Kolib\u00e1\u010dov\u00e1<\/p>\n\n\n\n<p>Ing. Petr Mad\u011bra<\/p>\n\n\n\n<p>Ing. Ivan Musil, CSc.<\/p>\n\n\n\n<p>Ing. Petr Novotn\u00fd<\/p>\n\n\n\n<p>Ing. Jind\u0159ich Pavli\u0161<\/p>\n\n\n\n<p>Ing. Jan \u0160tykar<\/p>\n\n\n\n<p>Ing. Ji\u0159\u00ed Truhl\u00e1\u0159, CSc.<\/p>\n\n\n\n<p>Ing. Lubo\u0161 \u00daradn\u00ed\u010dek, CSc.<\/p>\n\n\n\n<p>Doc. Ing. Jarom\u00edr Vorel, CSc.<\/p>\n\n\n\n<p>Nadace prof. Augustina Bayera m\u011bla p\u016fvodn\u00ed s\u00eddlo na \u00fastavu lesnick\u00e9 botaniky, dendrologie a typologie Lesnick\u00e9 fakulty, Zem\u011bd\u011blsk\u00e1 3, 613 00 Brno.<\/p>\n\n\n\n<p>Z\u0159izovateli nadace byli Ing. Petr Mad\u011bra a Ing. Lubo\u0161 \u00daradn\u00ed\u010dek, CSc., podobn\u011b tak i nada\u010dn\u00edho fondu.<\/p>\n\n\n\n<p>Finan\u010dn\u00ed vklad:  217&nbsp;699 K\u010d<\/p>\n\n\n\n<h2 class=\"wp-block-heading\"><strong>\u010cestn\u00ed \u010dlenov\u00e9 nada\u010dn\u00edho fondu<\/strong><\/h2>\n\n\n\n<p>doc. Ing. Jind\u0159ich Chmela\u0159, Dr.Sc.<\/p>\n\n\n\n<p>pan\u00ed Dagmar Uvarov\u00e1<\/p>\n\n\n\n<p>prof. Ing. Ivar Otruba, CSc.<\/p>\n\n\n\n<p>Nada\u010dn\u00ed fond je registrov\u00e1n v obchodn\u00edm rejst\u0159\u00edku pod spisovou zna\u010dkou N 102, veden\u00fd u Krajsk\u00e9ho soudu v Brn\u011b.<\/p>\n\n\n\n<p style=\"font-size:22px\"><strong>Nada\u010dn\u00ed fond nem\u00e1 \u017e\u00e1dn\u00e9ho placen\u00e9ho zam\u011bstnance.<\/strong><\/p>\n","protected":false},"excerpt":{"rendered":"<p>Vize a c\u00edle NF Nada\u010dn\u00ed fond prof. Augusta Bayera Posl\u00e1n\u00edm nada\u010dn\u00edho fondu je podporovat aktivity dendrologick\u00e9ho zam\u011b\u0159en\u00ed, vztahuj\u00edc\u00ed se k ochran\u011b p\u0159\u00edrody a \u017eivotn\u00edho prost\u0159ed\u00ed, jeho\u017e jsou d\u0159eviny ned\u00edlnou sou\u010d\u00e1st\u00ed. Nada\u010dn\u00ed fond prof. Augusta Bayera je pokra\u010dovatelem nadace, zalo\u017een\u00e9 v roce 1995, nazv\u00e1n byl po vynikaj\u00edc\u00edm biologovi, zakladateli Dendrologick\u00e9ho \u00fastavu na lesnick\u00e9 fakult\u011b V\u0160Z v [&hellip;]<\/p>\n","protected":false},"author":1,"featured_media":0,"parent":0,"menu_order":0,"comment_status":"closed","ping_status":"closed","template":"","meta":{"footnotes":""},"class_list":["post-59","page","type-page","status-publish","hentry"],"yoast_head":"<!-- This site is optimized with the Yoast SEO plugin v27.4 - https:\/\/yoast.com\/product\/yoast-seo-wordpress\/ -->\n<title>O n\u00e1s - Nada\u010dn\u00ed fond prof. Augusta Bayera<\/title>\n<meta name=\"robots\" content=\"index, follow, max-snippet:-1, max-image-preview:large, max-video-preview:-1\" \/>\n<link rel=\"canonical\" href=\"https:\/\/profesorbayer.cz\/\" \/>\n<meta property=\"og:locale\" content=\"cs_CZ\" \/>\n<meta property=\"og:type\" content=\"article\" \/>\n<meta property=\"og:title\" content=\"O n\u00e1s - Nada\u010dn\u00ed fond prof. Augusta Bayera\" \/>\n<meta property=\"og:description\" content=\"Vize a c\u00edle NF Nada\u010dn\u00ed fond prof. Augusta Bayera Posl\u00e1n\u00edm nada\u010dn\u00edho fondu je podporovat aktivity dendrologick\u00e9ho zam\u011b\u0159en\u00ed, vztahuj\u00edc\u00ed se k ochran\u011b p\u0159\u00edrody a \u017eivotn\u00edho prost\u0159ed\u00ed, jeho\u017e jsou d\u0159eviny ned\u00edlnou sou\u010d\u00e1st\u00ed. Nada\u010dn\u00ed fond prof. Augusta Bayera je pokra\u010dovatelem nadace, zalo\u017een\u00e9 v roce 1995, nazv\u00e1n byl po vynikaj\u00edc\u00edm biologovi, zakladateli Dendrologick\u00e9ho \u00fastavu na lesnick\u00e9 fakult\u011b V\u0160Z v [&hellip;]\" \/>\n<meta property=\"og:url\" content=\"https:\/\/profesorbayer.cz\/\" \/>\n<meta property=\"og:site_name\" content=\"Nada\u010dn\u00ed fond prof. Augusta Bayera\" \/>\n<meta property=\"article:publisher\" content=\"https:\/\/www.facebook.com\/praleskostarika\/?show_switched_toast=0&amp;show_invite_to_follow=0&amp;show_switched_tooltip=0&amp;show_podcast_settings=0&amp;show_community_review_changes=0&amp;show_community_rollback=0&amp;show_follower_visibility_disclosure=0\" \/>\n<meta property=\"article:modified_time\" content=\"2025-12-13T21:54:49+00:00\" \/>\n<meta property=\"og:image\" content=\"https:\/\/profesorbayer.cz\/wp-content\/uploads\/2021\/06\/Hotpot-4-768x1024.png\" \/>\n\t<meta property=\"og:image:width\" content=\"768\" \/>\n\t<meta property=\"og:image:height\" content=\"1024\" \/>\n\t<meta property=\"og:image:type\" content=\"image\/png\" \/>\n<meta name=\"twitter:card\" content=\"summary_large_image\" \/>\n<meta name=\"twitter:label1\" content=\"Odhadovan\u00e1 doba \u010dten\u00ed\" \/>\n\t<meta name=\"twitter:data1\" content=\"3 minuty\" \/>\n<script type=\"application\/ld+json\" class=\"yoast-schema-graph\">{\"@context\":\"https:\\\/\\\/schema.org\",\"@graph\":[{\"@type\":\"WebPage\",\"@id\":\"https:\\\/\\\/profesorbayer.cz\\\/\",\"url\":\"https:\\\/\\\/profesorbayer.cz\\\/\",\"name\":\"O n\u00e1s - Nada\u010dn\u00ed fond prof. Augusta Bayera\",\"isPartOf\":{\"@id\":\"https:\\\/\\\/profesorbayer.cz\\\/#website\"},\"primaryImageOfPage\":{\"@id\":\"https:\\\/\\\/profesorbayer.cz\\\/#primaryimage\"},\"image\":{\"@id\":\"https:\\\/\\\/profesorbayer.cz\\\/#primaryimage\"},\"thumbnailUrl\":\"https:\\\/\\\/rumex.mendelu.cz\\\/profesorbayer\\\/wp-content\\\/uploads\\\/2021\\\/06\\\/Hotpot-4-768x1024.png\",\"datePublished\":\"2021-06-21T16:11:17+00:00\",\"dateModified\":\"2025-12-13T21:54:49+00:00\",\"breadcrumb\":{\"@id\":\"https:\\\/\\\/profesorbayer.cz\\\/#breadcrumb\"},\"inLanguage\":\"cs\",\"potentialAction\":[{\"@type\":\"ReadAction\",\"target\":[\"https:\\\/\\\/profesorbayer.cz\\\/\"]}]},{\"@type\":\"ImageObject\",\"inLanguage\":\"cs\",\"@id\":\"https:\\\/\\\/profesorbayer.cz\\\/#primaryimage\",\"url\":\"https:\\\/\\\/rumex.mendelu.cz\\\/profesorbayer\\\/wp-content\\\/uploads\\\/2021\\\/06\\\/Hotpot-4-768x1024.png\",\"contentUrl\":\"https:\\\/\\\/rumex.mendelu.cz\\\/profesorbayer\\\/wp-content\\\/uploads\\\/2021\\\/06\\\/Hotpot-4-768x1024.png\"},{\"@type\":\"BreadcrumbList\",\"@id\":\"https:\\\/\\\/profesorbayer.cz\\\/#breadcrumb\",\"itemListElement\":[{\"@type\":\"ListItem\",\"position\":1,\"name\":\"Dom\u016f\",\"item\":\"https:\\\/\\\/profesorbayer.cz\\\/\"},{\"@type\":\"ListItem\",\"position\":2,\"name\":\"O n\u00e1s\"}]},{\"@type\":\"WebSite\",\"@id\":\"https:\\\/\\\/profesorbayer.cz\\\/#website\",\"url\":\"https:\\\/\\\/profesorbayer.cz\\\/\",\"name\":\"Nada\u010dn\u00ed fond prof. Augusta Bayera\",\"description\":\"Z\u00e1chrana n\u00ed\u017einn\u00e9ho pralesa v Kostarice\",\"alternateName\":\"Z\u00e1chrana n\u00ed\u017einn\u00e9ho pralesa v Kostarice\",\"potentialAction\":[{\"@type\":\"SearchAction\",\"target\":{\"@type\":\"EntryPoint\",\"urlTemplate\":\"https:\\\/\\\/profesorbayer.cz\\\/?s={search_term_string}\"},\"query-input\":{\"@type\":\"PropertyValueSpecification\",\"valueRequired\":true,\"valueName\":\"search_term_string\"}}],\"inLanguage\":\"cs\"}]}<\/script>\n<!-- \/ Yoast SEO plugin. -->","yoast_head_json":{"title":"O n\u00e1s - Nada\u010dn\u00ed fond prof. Augusta Bayera","robots":{"index":"index","follow":"follow","max-snippet":"max-snippet:-1","max-image-preview":"max-image-preview:large","max-video-preview":"max-video-preview:-1"},"canonical":"https:\/\/profesorbayer.cz\/","og_locale":"cs_CZ","og_type":"article","og_title":"O n\u00e1s - Nada\u010dn\u00ed fond prof. Augusta Bayera","og_description":"Vize a c\u00edle NF Nada\u010dn\u00ed fond prof. Augusta Bayera Posl\u00e1n\u00edm nada\u010dn\u00edho fondu je podporovat aktivity dendrologick\u00e9ho zam\u011b\u0159en\u00ed, vztahuj\u00edc\u00ed se k ochran\u011b p\u0159\u00edrody a \u017eivotn\u00edho prost\u0159ed\u00ed, jeho\u017e jsou d\u0159eviny ned\u00edlnou sou\u010d\u00e1st\u00ed. Nada\u010dn\u00ed fond prof. Augusta Bayera je pokra\u010dovatelem nadace, zalo\u017een\u00e9 v roce 1995, nazv\u00e1n byl po vynikaj\u00edc\u00edm biologovi, zakladateli Dendrologick\u00e9ho \u00fastavu na lesnick\u00e9 fakult\u011b V\u0160Z v [&hellip;]","og_url":"https:\/\/profesorbayer.cz\/","og_site_name":"Nada\u010dn\u00ed fond prof. Augusta Bayera","article_publisher":"https:\/\/www.facebook.com\/praleskostarika\/?show_switched_toast=0&show_invite_to_follow=0&show_switched_tooltip=0&show_podcast_settings=0&show_community_review_changes=0&show_community_rollback=0&show_follower_visibility_disclosure=0","article_modified_time":"2025-12-13T21:54:49+00:00","og_image":[{"width":768,"height":1024,"url":"https:\/\/profesorbayer.cz\/wp-content\/uploads\/2021\/06\/Hotpot-4-768x1024.png","type":"image\/png"}],"twitter_card":"summary_large_image","twitter_misc":{"Odhadovan\u00e1 doba \u010dten\u00ed":"3 minuty"},"schema":{"@context":"https:\/\/schema.org","@graph":[{"@type":"WebPage","@id":"https:\/\/profesorbayer.cz\/","url":"https:\/\/profesorbayer.cz\/","name":"O n\u00e1s - Nada\u010dn\u00ed fond prof. Augusta Bayera","isPartOf":{"@id":"https:\/\/profesorbayer.cz\/#website"},"primaryImageOfPage":{"@id":"https:\/\/profesorbayer.cz\/#primaryimage"},"image":{"@id":"https:\/\/profesorbayer.cz\/#primaryimage"},"thumbnailUrl":"https:\/\/rumex.mendelu.cz\/profesorbayer\/wp-content\/uploads\/2021\/06\/Hotpot-4-768x1024.png","datePublished":"2021-06-21T16:11:17+00:00","dateModified":"2025-12-13T21:54:49+00:00","breadcrumb":{"@id":"https:\/\/profesorbayer.cz\/#breadcrumb"},"inLanguage":"cs","potentialAction":[{"@type":"ReadAction","target":["https:\/\/profesorbayer.cz\/"]}]},{"@type":"ImageObject","inLanguage":"cs","@id":"https:\/\/profesorbayer.cz\/#primaryimage","url":"https:\/\/rumex.mendelu.cz\/profesorbayer\/wp-content\/uploads\/2021\/06\/Hotpot-4-768x1024.png","contentUrl":"https:\/\/rumex.mendelu.cz\/profesorbayer\/wp-content\/uploads\/2021\/06\/Hotpot-4-768x1024.png"},{"@type":"BreadcrumbList","@id":"https:\/\/profesorbayer.cz\/#breadcrumb","itemListElement":[{"@type":"ListItem","position":1,"name":"Dom\u016f","item":"https:\/\/profesorbayer.cz\/"},{"@type":"ListItem","position":2,"name":"O n\u00e1s"}]},{"@type":"WebSite","@id":"https:\/\/profesorbayer.cz\/#website","url":"https:\/\/profesorbayer.cz\/","name":"Nada\u010dn\u00ed fond prof. Augusta Bayera","description":"Z\u00e1chrana n\u00ed\u017einn\u00e9ho pralesa v Kostarice","alternateName":"Z\u00e1chrana n\u00ed\u017einn\u00e9ho pralesa v Kostarice","potentialAction":[{"@type":"SearchAction","target":{"@type":"EntryPoint","urlTemplate":"https:\/\/profesorbayer.cz\/?s={search_term_string}"},"query-input":{"@type":"PropertyValueSpecification","valueRequired":true,"valueName":"search_term_string"}}],"inLanguage":"cs"}]}},"_links":{"self":[{"href":"https:\/\/profesorbayer.cz\/index.php\/wp-json\/wp\/v2\/pages\/59","targetHints":{"allow":["GET"]}}],"collection":[{"href":"https:\/\/profesorbayer.cz\/index.php\/wp-json\/wp\/v2\/pages"}],"about":[{"href":"https:\/\/profesorbayer.cz\/index.php\/wp-json\/wp\/v2\/types\/page"}],"author":[{"embeddable":true,"href":"https:\/\/profesorbayer.cz\/index.php\/wp-json\/wp\/v2\/users\/1"}],"replies":[{"embeddable":true,"href":"https:\/\/profesorbayer.cz\/index.php\/wp-json\/wp\/v2\/comments?post=59"}],"version-history":[{"count":9,"href":"https:\/\/profesorbayer.cz\/index.php\/wp-json\/wp\/v2\/pages\/59\/revisions"}],"predecessor-version":[{"id":288,"href":"https:\/\/profesorbayer.cz\/index.php\/wp-json\/wp\/v2\/pages\/59\/revisions\/288"}],"wp:attachment":[{"href":"https:\/\/profesorbayer.cz\/index.php\/wp-json\/wp\/v2\/media?parent=59"}],"curies":[{"name":"wp","href":"https:\/\/api.w.org\/{rel}","templated":true}]}}