{"id":94,"date":"2021-06-21T19:05:31","date_gmt":"2021-06-21T17:05:31","guid":{"rendered":"https:\/\/rumex.mendelu.cz\/profesorbayer\/?page_id=94"},"modified":"2021-06-21T21:02:40","modified_gmt":"2021-06-21T19:02:40","slug":"jak-pomoci","status":"publish","type":"page","link":"https:\/\/profesorbayer.cz\/index.php\/jak-pomoci\/","title":{"rendered":"Jak pomoci"},"content":{"rendered":"\n<p><strong>Pokud chcete podpo\u0159it \u010dinnost nada\u010dn\u00edho fondu, je mo\u017en\u00e9 zaslat p\u0159\u00edsp\u011bvek na konto fondu. <\/strong><\/p>\n\n\n\n<p><strong>Bankovn\u00ed spojen\u00ed: 102620200 \/ 0300, \u010cSOB a.s. Brno.<\/strong><\/p>\n\n\n\n<p>Na z\u00e1klad\u011b platby v\u00e1m bude vystavena darovac\u00ed smlouva. Dle statutu fondu jsou p\u0159\u00edsp\u011bvky pou\u017eity na financov\u00e1n\u00ed v\u0161ech aktivit a podporovan\u00fdch projekt\u016f. Je v\u0161ak mo\u017en\u00e9 podpo\u0159it i konkr\u00e9tn\u00ed projekt.<\/p>\n\n\n\n<div class=\"wp-block-image\"><figure class=\"aligncenter size-large\"><img loading=\"lazy\" decoding=\"async\" width=\"1024\" height=\"768\" src=\"https:\/\/rumex.mendelu.cz\/profesorbayer\/wp-content\/uploads\/2021\/06\/IMG_0098-1024x768.jpg\" alt=\"\" class=\"wp-image-13\" srcset=\"https:\/\/profesorbayer.cz\/wp-content\/uploads\/2021\/06\/IMG_0098-1024x768.jpg 1024w, https:\/\/profesorbayer.cz\/wp-content\/uploads\/2021\/06\/IMG_0098-300x225.jpg 300w, https:\/\/profesorbayer.cz\/wp-content\/uploads\/2021\/06\/IMG_0098-768x576.jpg 768w, https:\/\/profesorbayer.cz\/wp-content\/uploads\/2021\/06\/IMG_0098-1536x1152.jpg 1536w, https:\/\/profesorbayer.cz\/wp-content\/uploads\/2021\/06\/IMG_0098-2048x1536.jpg 2048w\" sizes=\"auto, (max-width: 1024px) 100vw, 1024px\" \/><\/figure><\/div>\n","protected":false},"excerpt":{"rendered":"<p>Pokud chcete podpo\u0159it \u010dinnost nada\u010dn\u00edho fondu, je mo\u017en\u00e9 zaslat p\u0159\u00edsp\u011bvek na konto fondu. Bankovn\u00ed spojen\u00ed: 102620200 \/ 0300, \u010cSOB a.s. Brno. Na z\u00e1klad\u011b platby v\u00e1m bude vystavena darovac\u00ed smlouva. Dle statutu fondu jsou p\u0159\u00edsp\u011bvky pou\u017eity na financov\u00e1n\u00ed v\u0161ech aktivit a podporovan\u00fdch projekt\u016f. Je v\u0161ak mo\u017en\u00e9 podpo\u0159it i konkr\u00e9tn\u00ed projekt.<\/p>\n","protected":false},"author":1,"featured_media":0,"parent":0,"menu_order":0,"comment_status":"closed","ping_status":"closed","template":"","meta":{"footnotes":""},"class_list":["post-94","page","type-page","status-publish","hentry"],"yoast_head":"<!-- This site is optimized with the Yoast SEO plugin v27.2 - https:\/\/yoast.com\/product\/yoast-seo-wordpress\/ -->\n<title>Jak pomoci - Nada\u010dn\u00ed fond prof. Augusta Bayera<\/title>\n<meta name=\"robots\" content=\"index, follow, max-snippet:-1, max-image-preview:large, max-video-preview:-1\" \/>\n<link rel=\"canonical\" href=\"https:\/\/profesorbayer.cz\/index.php\/jak-pomoci\/\" \/>\n<meta property=\"og:locale\" content=\"cs_CZ\" \/>\n<meta property=\"og:type\" content=\"article\" \/>\n<meta property=\"og:title\" content=\"Jak pomoci - Nada\u010dn\u00ed fond prof. Augusta Bayera\" \/>\n<meta property=\"og:description\" content=\"Pokud chcete podpo\u0159it \u010dinnost nada\u010dn\u00edho fondu, je mo\u017en\u00e9 zaslat p\u0159\u00edsp\u011bvek na konto fondu. Bankovn\u00ed spojen\u00ed: 102620200 \/ 0300, \u010cSOB a.s. Brno. Na z\u00e1klad\u011b platby v\u00e1m bude vystavena darovac\u00ed smlouva. Dle statutu fondu jsou p\u0159\u00edsp\u011bvky pou\u017eity na financov\u00e1n\u00ed v\u0161ech aktivit a podporovan\u00fdch projekt\u016f. Je v\u0161ak mo\u017en\u00e9 podpo\u0159it i konkr\u00e9tn\u00ed projekt.\" \/>\n<meta property=\"og:url\" content=\"https:\/\/profesorbayer.cz\/index.php\/jak-pomoci\/\" \/>\n<meta property=\"og:site_name\" content=\"Nada\u010dn\u00ed fond prof. Augusta Bayera\" \/>\n<meta property=\"article:publisher\" content=\"https:\/\/www.facebook.com\/praleskostarika\/?show_switched_toast=0&amp;show_invite_to_follow=0&amp;show_switched_tooltip=0&amp;show_podcast_settings=0&amp;show_community_review_changes=0&amp;show_community_rollback=0&amp;show_follower_visibility_disclosure=0\" \/>\n<meta property=\"article:modified_time\" content=\"2021-06-21T19:02:40+00:00\" \/>\n<meta property=\"og:image\" content=\"https:\/\/rumex.mendelu.cz\/profesorbayer\/wp-content\/uploads\/2021\/06\/IMG_0098-1024x768.jpg\" \/>\n<meta name=\"twitter:card\" content=\"summary_large_image\" \/>\n<meta name=\"twitter:label1\" content=\"Odhadovan\u00e1 doba \u010dten\u00ed\" \/>\n\t<meta name=\"twitter:data1\" content=\"1 minuta\" \/>\n<script type=\"application\/ld+json\" class=\"yoast-schema-graph\">{\"@context\":\"https:\/\/schema.org\",\"@graph\":[{\"@type\":\"WebPage\",\"@id\":\"https:\/\/profesorbayer.cz\/index.php\/jak-pomoci\/\",\"url\":\"https:\/\/profesorbayer.cz\/index.php\/jak-pomoci\/\",\"name\":\"Jak pomoci - Nada\u010dn\u00ed fond prof. Augusta Bayera\",\"isPartOf\":{\"@id\":\"https:\/\/profesorbayer.cz\/#website\"},\"primaryImageOfPage\":{\"@id\":\"https:\/\/profesorbayer.cz\/index.php\/jak-pomoci\/#primaryimage\"},\"image\":{\"@id\":\"https:\/\/profesorbayer.cz\/index.php\/jak-pomoci\/#primaryimage\"},\"thumbnailUrl\":\"https:\/\/rumex.mendelu.cz\/profesorbayer\/wp-content\/uploads\/2021\/06\/IMG_0098-1024x768.jpg\",\"datePublished\":\"2021-06-21T17:05:31+00:00\",\"dateModified\":\"2021-06-21T19:02:40+00:00\",\"breadcrumb\":{\"@id\":\"https:\/\/profesorbayer.cz\/index.php\/jak-pomoci\/#breadcrumb\"},\"inLanguage\":\"cs\",\"potentialAction\":[{\"@type\":\"ReadAction\",\"target\":[\"https:\/\/profesorbayer.cz\/index.php\/jak-pomoci\/\"]}]},{\"@type\":\"ImageObject\",\"inLanguage\":\"cs\",\"@id\":\"https:\/\/profesorbayer.cz\/index.php\/jak-pomoci\/#primaryimage\",\"url\":\"https:\/\/rumex.mendelu.cz\/profesorbayer\/wp-content\/uploads\/2021\/06\/IMG_0098-1024x768.jpg\",\"contentUrl\":\"https:\/\/rumex.mendelu.cz\/profesorbayer\/wp-content\/uploads\/2021\/06\/IMG_0098-1024x768.jpg\"},{\"@type\":\"BreadcrumbList\",\"@id\":\"https:\/\/profesorbayer.cz\/index.php\/jak-pomoci\/#breadcrumb\",\"itemListElement\":[{\"@type\":\"ListItem\",\"position\":1,\"name\":\"Dom\u016f\",\"item\":\"https:\/\/profesorbayer.cz\/\"},{\"@type\":\"ListItem\",\"position\":2,\"name\":\"Jak pomoci\"}]},{\"@type\":\"WebSite\",\"@id\":\"https:\/\/profesorbayer.cz\/#website\",\"url\":\"https:\/\/profesorbayer.cz\/\",\"name\":\"Nada\u010dn\u00ed fond prof. Augusta Bayera\",\"description\":\"Z\u00e1chrana n\u00ed\u017einn\u00e9ho pralesa v Kostarice\",\"alternateName\":\"Z\u00e1chrana n\u00ed\u017einn\u00e9ho pralesa v Kostarice\",\"potentialAction\":[{\"@type\":\"SearchAction\",\"target\":{\"@type\":\"EntryPoint\",\"urlTemplate\":\"https:\/\/profesorbayer.cz\/?s={search_term_string}\"},\"query-input\":{\"@type\":\"PropertyValueSpecification\",\"valueRequired\":true,\"valueName\":\"search_term_string\"}}],\"inLanguage\":\"cs\"}]}<\/script>\n<!-- \/ Yoast SEO plugin. -->","yoast_head_json":{"title":"Jak pomoci - Nada\u010dn\u00ed fond prof. Augusta Bayera","robots":{"index":"index","follow":"follow","max-snippet":"max-snippet:-1","max-image-preview":"max-image-preview:large","max-video-preview":"max-video-preview:-1"},"canonical":"https:\/\/profesorbayer.cz\/index.php\/jak-pomoci\/","og_locale":"cs_CZ","og_type":"article","og_title":"Jak pomoci - Nada\u010dn\u00ed fond prof. Augusta Bayera","og_description":"Pokud chcete podpo\u0159it \u010dinnost nada\u010dn\u00edho fondu, je mo\u017en\u00e9 zaslat p\u0159\u00edsp\u011bvek na konto fondu. Bankovn\u00ed spojen\u00ed: 102620200 \/ 0300, \u010cSOB a.s. Brno. Na z\u00e1klad\u011b platby v\u00e1m bude vystavena darovac\u00ed smlouva. Dle statutu fondu jsou p\u0159\u00edsp\u011bvky pou\u017eity na financov\u00e1n\u00ed v\u0161ech aktivit a podporovan\u00fdch projekt\u016f. Je v\u0161ak mo\u017en\u00e9 podpo\u0159it i konkr\u00e9tn\u00ed projekt.","og_url":"https:\/\/profesorbayer.cz\/index.php\/jak-pomoci\/","og_site_name":"Nada\u010dn\u00ed fond prof. Augusta Bayera","article_publisher":"https:\/\/www.facebook.com\/praleskostarika\/?show_switched_toast=0&show_invite_to_follow=0&show_switched_tooltip=0&show_podcast_settings=0&show_community_review_changes=0&show_community_rollback=0&show_follower_visibility_disclosure=0","article_modified_time":"2021-06-21T19:02:40+00:00","og_image":[{"url":"https:\/\/rumex.mendelu.cz\/profesorbayer\/wp-content\/uploads\/2021\/06\/IMG_0098-1024x768.jpg","type":"","width":"","height":""}],"twitter_card":"summary_large_image","twitter_misc":{"Odhadovan\u00e1 doba \u010dten\u00ed":"1 minuta"},"schema":{"@context":"https:\/\/schema.org","@graph":[{"@type":"WebPage","@id":"https:\/\/profesorbayer.cz\/index.php\/jak-pomoci\/","url":"https:\/\/profesorbayer.cz\/index.php\/jak-pomoci\/","name":"Jak pomoci - Nada\u010dn\u00ed fond prof. Augusta Bayera","isPartOf":{"@id":"https:\/\/profesorbayer.cz\/#website"},"primaryImageOfPage":{"@id":"https:\/\/profesorbayer.cz\/index.php\/jak-pomoci\/#primaryimage"},"image":{"@id":"https:\/\/profesorbayer.cz\/index.php\/jak-pomoci\/#primaryimage"},"thumbnailUrl":"https:\/\/rumex.mendelu.cz\/profesorbayer\/wp-content\/uploads\/2021\/06\/IMG_0098-1024x768.jpg","datePublished":"2021-06-21T17:05:31+00:00","dateModified":"2021-06-21T19:02:40+00:00","breadcrumb":{"@id":"https:\/\/profesorbayer.cz\/index.php\/jak-pomoci\/#breadcrumb"},"inLanguage":"cs","potentialAction":[{"@type":"ReadAction","target":["https:\/\/profesorbayer.cz\/index.php\/jak-pomoci\/"]}]},{"@type":"ImageObject","inLanguage":"cs","@id":"https:\/\/profesorbayer.cz\/index.php\/jak-pomoci\/#primaryimage","url":"https:\/\/rumex.mendelu.cz\/profesorbayer\/wp-content\/uploads\/2021\/06\/IMG_0098-1024x768.jpg","contentUrl":"https:\/\/rumex.mendelu.cz\/profesorbayer\/wp-content\/uploads\/2021\/06\/IMG_0098-1024x768.jpg"},{"@type":"BreadcrumbList","@id":"https:\/\/profesorbayer.cz\/index.php\/jak-pomoci\/#breadcrumb","itemListElement":[{"@type":"ListItem","position":1,"name":"Dom\u016f","item":"https:\/\/profesorbayer.cz\/"},{"@type":"ListItem","position":2,"name":"Jak pomoci"}]},{"@type":"WebSite","@id":"https:\/\/profesorbayer.cz\/#website","url":"https:\/\/profesorbayer.cz\/","name":"Nada\u010dn\u00ed fond prof. Augusta Bayera","description":"Z\u00e1chrana n\u00ed\u017einn\u00e9ho pralesa v Kostarice","alternateName":"Z\u00e1chrana n\u00ed\u017einn\u00e9ho pralesa v Kostarice","potentialAction":[{"@type":"SearchAction","target":{"@type":"EntryPoint","urlTemplate":"https:\/\/profesorbayer.cz\/?s={search_term_string}"},"query-input":{"@type":"PropertyValueSpecification","valueRequired":true,"valueName":"search_term_string"}}],"inLanguage":"cs"}]}},"_links":{"self":[{"href":"https:\/\/profesorbayer.cz\/index.php\/wp-json\/wp\/v2\/pages\/94","targetHints":{"allow":["GET"]}}],"collection":[{"href":"https:\/\/profesorbayer.cz\/index.php\/wp-json\/wp\/v2\/pages"}],"about":[{"href":"https:\/\/profesorbayer.cz\/index.php\/wp-json\/wp\/v2\/types\/page"}],"author":[{"embeddable":true,"href":"https:\/\/profesorbayer.cz\/index.php\/wp-json\/wp\/v2\/users\/1"}],"replies":[{"embeddable":true,"href":"https:\/\/profesorbayer.cz\/index.php\/wp-json\/wp\/v2\/comments?post=94"}],"version-history":[{"count":3,"href":"https:\/\/profesorbayer.cz\/index.php\/wp-json\/wp\/v2\/pages\/94\/revisions"}],"predecessor-version":[{"id":132,"href":"https:\/\/profesorbayer.cz\/index.php\/wp-json\/wp\/v2\/pages\/94\/revisions\/132"}],"wp:attachment":[{"href":"https:\/\/profesorbayer.cz\/index.php\/wp-json\/wp\/v2\/media?parent=94"}],"curies":[{"name":"wp","href":"https:\/\/api.w.org\/{rel}","templated":true}]}}