{"id":96,"date":"2021-06-21T19:06:08","date_gmt":"2021-06-21T17:06:08","guid":{"rendered":"https:\/\/rumex.mendelu.cz\/profesorbayer\/?page_id=96"},"modified":"2021-06-21T20:59:56","modified_gmt":"2021-06-21T18:59:56","slug":"dekujeme","status":"publish","type":"page","link":"https:\/\/profesorbayer.cz\/index.php\/dekujeme\/","title":{"rendered":"Pod\u011bkov\u00e1n\u00ed"},"content":{"rendered":"\n<h2 class=\"wp-block-heading\">D\u00e1rci<\/h2>\n\n\n\n<p>Ing. Martin \u010cerm\u00e1k, Ph.D.<\/p>\n\n\n\n<p>Doc. Ing. Anton\u00edn Bu\u010dek, CSc.<\/p>\n\n\n\n<p>Doc. Dr. Ing. Jind\u0159ich Pavli\u0161<\/p>\n\n\n\n<p>Doc. Dr. Ing. Jan \u0160tykar<\/p>\n\n\n\n<p>Ing. Martin \u0160r\u00e1mek, Ph.D.<\/p>\n\n\n\n<p>Ing. Martin \u0160enfeldr, Ph. D.<\/p>\n\n\n\n<p>Ing. Hana Habrov\u00e1, Ph.D.<\/p>\n\n\n\n<p>Doc. Ing. Radom\u00edr \u0158epka, Ph.D.<\/p>\n\n\n\n<p>Doc. Ing. Roman Gebauer, Ph.D.<\/p>\n\n\n\n<p>Ing. Boleslav Jel\u00ednek, Ph.D.<\/p>\n\n\n\n<p>Doc. Ing. Lubo\u0161 \u00daradn\u00ed\u010dek, CSc.<\/p>\n\n\n\n<p>Prof. Dr. Ing. Petr Mad\u011bra<\/p>\n\n\n\n<p>(d\u00e1rc\u016f bude v\u00edce)<\/p>\n\n\n\n<p><strong>Partne\u0159i:<\/strong><\/p>\n\n\n\n<p>Nadace P\u0159\u00e1telstv\u00ed (Partnership)<\/p>\n\n\n\n<p>Nadace Veronica<\/p>\n\n\n\n<p>Lesy \u010cesk\u00e9 republiky, s. p.<\/p>\n\n\n\n<p>Ministerstvo \u017eivotn\u00edho prost\u0159ed\u00ed \u010cR<\/p>\n\n\n\n<div class=\"wp-block-image\"><figure class=\"aligncenter size-large\"><img loading=\"lazy\" decoding=\"async\" width=\"1024\" height=\"768\" src=\"https:\/\/rumex.mendelu.cz\/profesorbayer\/wp-content\/uploads\/2021\/06\/IMG_0909-1024x768.jpg\" alt=\"\" class=\"wp-image-19\" srcset=\"https:\/\/profesorbayer.cz\/wp-content\/uploads\/2021\/06\/IMG_0909-1024x768.jpg 1024w, https:\/\/profesorbayer.cz\/wp-content\/uploads\/2021\/06\/IMG_0909-300x225.jpg 300w, https:\/\/profesorbayer.cz\/wp-content\/uploads\/2021\/06\/IMG_0909-768x576.jpg 768w, https:\/\/profesorbayer.cz\/wp-content\/uploads\/2021\/06\/IMG_0909-1536x1152.jpg 1536w, https:\/\/profesorbayer.cz\/wp-content\/uploads\/2021\/06\/IMG_0909-2048x1536.jpg 2048w\" sizes=\"auto, (max-width: 1024px) 100vw, 1024px\" \/><\/figure><\/div>\n","protected":false},"excerpt":{"rendered":"<p>D\u00e1rci Ing. Martin \u010cerm\u00e1k, Ph.D. Doc. Ing. Anton\u00edn Bu\u010dek, CSc. Doc. Dr. Ing. Jind\u0159ich Pavli\u0161 Doc. Dr. Ing. Jan \u0160tykar Ing. Martin \u0160r\u00e1mek, Ph.D. Ing. Martin \u0160enfeldr, Ph. D. Ing. Hana Habrov\u00e1, Ph.D. Doc. Ing. Radom\u00edr \u0158epka, Ph.D. Doc. Ing. Roman Gebauer, Ph.D. Ing. Boleslav Jel\u00ednek, Ph.D. Doc. Ing. Lubo\u0161 \u00daradn\u00ed\u010dek, CSc. Prof. Dr. Ing. [&hellip;]<\/p>\n","protected":false},"author":1,"featured_media":0,"parent":0,"menu_order":0,"comment_status":"closed","ping_status":"closed","template":"","meta":{"footnotes":""},"class_list":["post-96","page","type-page","status-publish","hentry"],"yoast_head":"<!-- This site is optimized with the Yoast SEO plugin v27.2 - https:\/\/yoast.com\/product\/yoast-seo-wordpress\/ -->\n<title>Pod\u011bkov\u00e1n\u00ed - Nada\u010dn\u00ed fond prof. Augusta Bayera<\/title>\n<meta name=\"robots\" content=\"index, follow, max-snippet:-1, max-image-preview:large, max-video-preview:-1\" \/>\n<link rel=\"canonical\" href=\"https:\/\/profesorbayer.cz\/index.php\/dekujeme\/\" \/>\n<meta property=\"og:locale\" content=\"cs_CZ\" \/>\n<meta property=\"og:type\" content=\"article\" \/>\n<meta property=\"og:title\" content=\"Pod\u011bkov\u00e1n\u00ed - Nada\u010dn\u00ed fond prof. Augusta Bayera\" \/>\n<meta property=\"og:description\" content=\"D\u00e1rci Ing. Martin \u010cerm\u00e1k, Ph.D. Doc. Ing. Anton\u00edn Bu\u010dek, CSc. Doc. Dr. Ing. Jind\u0159ich Pavli\u0161 Doc. Dr. Ing. Jan \u0160tykar Ing. Martin \u0160r\u00e1mek, Ph.D. Ing. Martin \u0160enfeldr, Ph. D. Ing. Hana Habrov\u00e1, Ph.D. Doc. Ing. Radom\u00edr \u0158epka, Ph.D. Doc. Ing. Roman Gebauer, Ph.D. Ing. Boleslav Jel\u00ednek, Ph.D. Doc. Ing. Lubo\u0161 \u00daradn\u00ed\u010dek, CSc. Prof. Dr. Ing. [&hellip;]\" \/>\n<meta property=\"og:url\" content=\"https:\/\/profesorbayer.cz\/index.php\/dekujeme\/\" \/>\n<meta property=\"og:site_name\" content=\"Nada\u010dn\u00ed fond prof. Augusta Bayera\" \/>\n<meta property=\"article:publisher\" content=\"https:\/\/www.facebook.com\/praleskostarika\/?show_switched_toast=0&amp;show_invite_to_follow=0&amp;show_switched_tooltip=0&amp;show_podcast_settings=0&amp;show_community_review_changes=0&amp;show_community_rollback=0&amp;show_follower_visibility_disclosure=0\" \/>\n<meta property=\"article:modified_time\" content=\"2021-06-21T18:59:56+00:00\" \/>\n<meta property=\"og:image\" content=\"https:\/\/rumex.mendelu.cz\/profesorbayer\/wp-content\/uploads\/2021\/06\/IMG_0909-1024x768.jpg\" \/>\n<meta name=\"twitter:card\" content=\"summary_large_image\" \/>\n<meta name=\"twitter:label1\" content=\"Odhadovan\u00e1 doba \u010dten\u00ed\" \/>\n\t<meta name=\"twitter:data1\" content=\"1 minuta\" \/>\n<script type=\"application\/ld+json\" class=\"yoast-schema-graph\">{\"@context\":\"https:\/\/schema.org\",\"@graph\":[{\"@type\":\"WebPage\",\"@id\":\"https:\/\/profesorbayer.cz\/index.php\/dekujeme\/\",\"url\":\"https:\/\/profesorbayer.cz\/index.php\/dekujeme\/\",\"name\":\"Pod\u011bkov\u00e1n\u00ed - Nada\u010dn\u00ed fond prof. Augusta Bayera\",\"isPartOf\":{\"@id\":\"https:\/\/profesorbayer.cz\/#website\"},\"primaryImageOfPage\":{\"@id\":\"https:\/\/profesorbayer.cz\/index.php\/dekujeme\/#primaryimage\"},\"image\":{\"@id\":\"https:\/\/profesorbayer.cz\/index.php\/dekujeme\/#primaryimage\"},\"thumbnailUrl\":\"https:\/\/rumex.mendelu.cz\/profesorbayer\/wp-content\/uploads\/2021\/06\/IMG_0909-1024x768.jpg\",\"datePublished\":\"2021-06-21T17:06:08+00:00\",\"dateModified\":\"2021-06-21T18:59:56+00:00\",\"breadcrumb\":{\"@id\":\"https:\/\/profesorbayer.cz\/index.php\/dekujeme\/#breadcrumb\"},\"inLanguage\":\"cs\",\"potentialAction\":[{\"@type\":\"ReadAction\",\"target\":[\"https:\/\/profesorbayer.cz\/index.php\/dekujeme\/\"]}]},{\"@type\":\"ImageObject\",\"inLanguage\":\"cs\",\"@id\":\"https:\/\/profesorbayer.cz\/index.php\/dekujeme\/#primaryimage\",\"url\":\"https:\/\/rumex.mendelu.cz\/profesorbayer\/wp-content\/uploads\/2021\/06\/IMG_0909-1024x768.jpg\",\"contentUrl\":\"https:\/\/rumex.mendelu.cz\/profesorbayer\/wp-content\/uploads\/2021\/06\/IMG_0909-1024x768.jpg\"},{\"@type\":\"BreadcrumbList\",\"@id\":\"https:\/\/profesorbayer.cz\/index.php\/dekujeme\/#breadcrumb\",\"itemListElement\":[{\"@type\":\"ListItem\",\"position\":1,\"name\":\"Dom\u016f\",\"item\":\"https:\/\/profesorbayer.cz\/\"},{\"@type\":\"ListItem\",\"position\":2,\"name\":\"Pod\u011bkov\u00e1n\u00ed\"}]},{\"@type\":\"WebSite\",\"@id\":\"https:\/\/profesorbayer.cz\/#website\",\"url\":\"https:\/\/profesorbayer.cz\/\",\"name\":\"Nada\u010dn\u00ed fond prof. Augusta Bayera\",\"description\":\"Z\u00e1chrana n\u00ed\u017einn\u00e9ho pralesa v Kostarice\",\"alternateName\":\"Z\u00e1chrana n\u00ed\u017einn\u00e9ho pralesa v Kostarice\",\"potentialAction\":[{\"@type\":\"SearchAction\",\"target\":{\"@type\":\"EntryPoint\",\"urlTemplate\":\"https:\/\/profesorbayer.cz\/?s={search_term_string}\"},\"query-input\":{\"@type\":\"PropertyValueSpecification\",\"valueRequired\":true,\"valueName\":\"search_term_string\"}}],\"inLanguage\":\"cs\"}]}<\/script>\n<!-- \/ Yoast SEO plugin. -->","yoast_head_json":{"title":"Pod\u011bkov\u00e1n\u00ed - Nada\u010dn\u00ed fond prof. Augusta Bayera","robots":{"index":"index","follow":"follow","max-snippet":"max-snippet:-1","max-image-preview":"max-image-preview:large","max-video-preview":"max-video-preview:-1"},"canonical":"https:\/\/profesorbayer.cz\/index.php\/dekujeme\/","og_locale":"cs_CZ","og_type":"article","og_title":"Pod\u011bkov\u00e1n\u00ed - Nada\u010dn\u00ed fond prof. Augusta Bayera","og_description":"D\u00e1rci Ing. Martin \u010cerm\u00e1k, Ph.D. Doc. Ing. Anton\u00edn Bu\u010dek, CSc. Doc. Dr. Ing. Jind\u0159ich Pavli\u0161 Doc. Dr. Ing. Jan \u0160tykar Ing. Martin \u0160r\u00e1mek, Ph.D. Ing. Martin \u0160enfeldr, Ph. D. Ing. Hana Habrov\u00e1, Ph.D. Doc. Ing. Radom\u00edr \u0158epka, Ph.D. Doc. Ing. Roman Gebauer, Ph.D. Ing. Boleslav Jel\u00ednek, Ph.D. Doc. Ing. Lubo\u0161 \u00daradn\u00ed\u010dek, CSc. Prof. Dr. Ing. [&hellip;]","og_url":"https:\/\/profesorbayer.cz\/index.php\/dekujeme\/","og_site_name":"Nada\u010dn\u00ed fond prof. Augusta Bayera","article_publisher":"https:\/\/www.facebook.com\/praleskostarika\/?show_switched_toast=0&show_invite_to_follow=0&show_switched_tooltip=0&show_podcast_settings=0&show_community_review_changes=0&show_community_rollback=0&show_follower_visibility_disclosure=0","article_modified_time":"2021-06-21T18:59:56+00:00","og_image":[{"url":"https:\/\/rumex.mendelu.cz\/profesorbayer\/wp-content\/uploads\/2021\/06\/IMG_0909-1024x768.jpg","type":"","width":"","height":""}],"twitter_card":"summary_large_image","twitter_misc":{"Odhadovan\u00e1 doba \u010dten\u00ed":"1 minuta"},"schema":{"@context":"https:\/\/schema.org","@graph":[{"@type":"WebPage","@id":"https:\/\/profesorbayer.cz\/index.php\/dekujeme\/","url":"https:\/\/profesorbayer.cz\/index.php\/dekujeme\/","name":"Pod\u011bkov\u00e1n\u00ed - Nada\u010dn\u00ed fond prof. Augusta Bayera","isPartOf":{"@id":"https:\/\/profesorbayer.cz\/#website"},"primaryImageOfPage":{"@id":"https:\/\/profesorbayer.cz\/index.php\/dekujeme\/#primaryimage"},"image":{"@id":"https:\/\/profesorbayer.cz\/index.php\/dekujeme\/#primaryimage"},"thumbnailUrl":"https:\/\/rumex.mendelu.cz\/profesorbayer\/wp-content\/uploads\/2021\/06\/IMG_0909-1024x768.jpg","datePublished":"2021-06-21T17:06:08+00:00","dateModified":"2021-06-21T18:59:56+00:00","breadcrumb":{"@id":"https:\/\/profesorbayer.cz\/index.php\/dekujeme\/#breadcrumb"},"inLanguage":"cs","potentialAction":[{"@type":"ReadAction","target":["https:\/\/profesorbayer.cz\/index.php\/dekujeme\/"]}]},{"@type":"ImageObject","inLanguage":"cs","@id":"https:\/\/profesorbayer.cz\/index.php\/dekujeme\/#primaryimage","url":"https:\/\/rumex.mendelu.cz\/profesorbayer\/wp-content\/uploads\/2021\/06\/IMG_0909-1024x768.jpg","contentUrl":"https:\/\/rumex.mendelu.cz\/profesorbayer\/wp-content\/uploads\/2021\/06\/IMG_0909-1024x768.jpg"},{"@type":"BreadcrumbList","@id":"https:\/\/profesorbayer.cz\/index.php\/dekujeme\/#breadcrumb","itemListElement":[{"@type":"ListItem","position":1,"name":"Dom\u016f","item":"https:\/\/profesorbayer.cz\/"},{"@type":"ListItem","position":2,"name":"Pod\u011bkov\u00e1n\u00ed"}]},{"@type":"WebSite","@id":"https:\/\/profesorbayer.cz\/#website","url":"https:\/\/profesorbayer.cz\/","name":"Nada\u010dn\u00ed fond prof. Augusta Bayera","description":"Z\u00e1chrana n\u00ed\u017einn\u00e9ho pralesa v Kostarice","alternateName":"Z\u00e1chrana n\u00ed\u017einn\u00e9ho pralesa v Kostarice","potentialAction":[{"@type":"SearchAction","target":{"@type":"EntryPoint","urlTemplate":"https:\/\/profesorbayer.cz\/?s={search_term_string}"},"query-input":{"@type":"PropertyValueSpecification","valueRequired":true,"valueName":"search_term_string"}}],"inLanguage":"cs"}]}},"_links":{"self":[{"href":"https:\/\/profesorbayer.cz\/index.php\/wp-json\/wp\/v2\/pages\/96","targetHints":{"allow":["GET"]}}],"collection":[{"href":"https:\/\/profesorbayer.cz\/index.php\/wp-json\/wp\/v2\/pages"}],"about":[{"href":"https:\/\/profesorbayer.cz\/index.php\/wp-json\/wp\/v2\/types\/page"}],"author":[{"embeddable":true,"href":"https:\/\/profesorbayer.cz\/index.php\/wp-json\/wp\/v2\/users\/1"}],"replies":[{"embeddable":true,"href":"https:\/\/profesorbayer.cz\/index.php\/wp-json\/wp\/v2\/comments?post=96"}],"version-history":[{"count":4,"href":"https:\/\/profesorbayer.cz\/index.php\/wp-json\/wp\/v2\/pages\/96\/revisions"}],"predecessor-version":[{"id":130,"href":"https:\/\/profesorbayer.cz\/index.php\/wp-json\/wp\/v2\/pages\/96\/revisions\/130"}],"wp:attachment":[{"href":"https:\/\/profesorbayer.cz\/index.php\/wp-json\/wp\/v2\/media?parent=96"}],"curies":[{"name":"wp","href":"https:\/\/api.w.org\/{rel}","templated":true}]}}